{"id":2619,"date":"2024-08-22T23:42:25","date_gmt":"2024-08-22T21:42:25","guid":{"rendered":"https:\/\/www.multiplesclerosis.cz\/?page_id=2619"},"modified":"2025-08-20T08:53:47","modified_gmt":"2025-08-20T09:53:47","slug":"meddracesky","status":"publish","type":"page","link":"https:\/\/www.multiplesclerosis.cz\/en\/meddracesky\/","title":{"rendered":"Common practice versus MedDRA - glossary of terms"},"content":{"rendered":"\t\t<div data-elementor-type=\"wp-page\" data-elementor-id=\"2619\" class=\"elementor elementor-2619\" data-elementor-post-type=\"page\">\n\t\t\t\t<div class=\"elementor-element elementor-element-b62ca32 e-flex e-con-boxed e-con e-parent\" data-id=\"b62ca32\" data-element_type=\"container\">\n\t\t\t\t\t<div class=\"e-con-inner\">\n\t\t<div class=\"elementor-element elementor-element-69e6345 e-con-full e-flex e-con e-child\" data-id=\"69e6345\" data-element_type=\"container\">\n\t\t\t\t<div class=\"elementor-element elementor-element-78ef2b4 elementor-widget elementor-widget-heading\" data-id=\"78ef2b4\" data-element_type=\"widget\" data-settings=\"{&quot;ekit_we_effect_on&quot;:&quot;none&quot;}\" data-widget_type=\"heading.default\">\n\t\t\t\t<div class=\"elementor-widget-container\">\n\t\t\t\t\t<h2 class=\"elementor-heading-title elementor-size-default\">B\u011b\u017en\u00e1 praxe versus MedDRA \u2013 slovn\u00edk term\u00edn\u016f<\/h2>\t\t\t\t<\/div>\n\t\t\t\t<\/div>\n\t\t<div class=\"elementor-element elementor-element-6faa9e0 e-con-full e-flex e-con e-child\" data-id=\"6faa9e0\" data-element_type=\"container\">\n\t\t\t\t<div class=\"elementor-element elementor-element-974c838 elementor-widget-tablet__width-inherit elementor-widget__width-initial elementor-widget elementor-widget-text-editor\" data-id=\"974c838\" data-element_type=\"widget\" data-settings=\"{&quot;ekit_we_effect_on&quot;:&quot;none&quot;}\" data-widget_type=\"text-editor.default\">\n\t\t\t\t<div class=\"elementor-widget-container\">\n\t\t\t\t\t\t\t\t\t<p>N\u011bkter\u00e9 b\u011b\u017en\u011b pou\u017e\u00edvan\u00e9 term\u00edny v \u010desk\u00e9m l\u00e9ka\u0159sk\u00e9m prost\u0159ed\u00ed nejsou v syst\u00e9mu MedDRA snadno k nalezen\u00ed, proto jsme pro administr\u00e1tory registru ReMuS p\u0159ipravili tabulku \u010dasto pou\u017e\u00edvan\u00fdch v\u00fdraz\u016f a zkratek v \u010desk\u00e9m jazyce a p\u0159ehled jejich ekvivalent\u016f v MedDRA. Seznam budeme pr\u016fb\u011b\u017en\u011b aktualizovat a v\u017edy jej m\u00e1te dispozici na t\u00e9to str\u00e1nce &#8211; <a href=\"http:\/\/www.multiplesclerosis.cz\/MedDRAcesky\">www.multiplesclerosis.cz\/MedDRAcesky<\/a>. V p\u0159\u00edpad\u011b n\u011bkter\u00fdch term\u00ednu se tak\u00e9 pokus\u00edme zajistit vhodn\u011bj\u0161\u00ed a v\u00fdsti\u017en\u011bj\u0161\u00ed p\u0159eklad.<br><\/p>\t\t\t\t\t\t\t\t<\/div>\n\t\t\t\t<\/div>\n\t\t\t\t<div class=\"elementor-element elementor-element-9508770 elementor-widget__width-initial elementor-widget elementor-widget-image\" data-id=\"9508770\" data-element_type=\"widget\" data-settings=\"{&quot;ekit_we_effect_on&quot;:&quot;none&quot;}\" data-widget_type=\"image.default\">\n\t\t\t\t<div class=\"elementor-widget-container\">\n\t\t\t\t\t\t\t\t\t\t\t\t\t\t\t<img fetchpriority=\"high\" decoding=\"async\" width=\"500\" height=\"520\" src=\"\/wp-content\/uploads\/2024\/08\/safety_reporting2.webp\" class=\"attachment-full size-full wp-image-2664\" alt=\"\" srcset=\"\/wp-content\/uploads\/2024\/08\/safety_reporting2.webp 500w, \/wp-content\/uploads\/2024\/08\/safety_reporting2-288x300.webp 288w\" sizes=\"(max-width: 500px) 100vw, 500px\" \/>\t\t\t\t\t\t\t\t\t\t\t\t\t\t\t<\/div>\n\t\t\t\t<\/div>\n\t\t\t\t<\/div>\n\t\t<div class=\"elementor-element elementor-element-ad975a6 e-grid e-con-boxed e-con e-child\" data-id=\"ad975a6\" data-element_type=\"container\">\n\t\t\t\t\t<div class=\"e-con-inner\">\n\t\t<div class=\"elementor-element elementor-element-93c05e2 e-con-full e-flex e-con e-child\" data-id=\"93c05e2\" data-element_type=\"container\">\n\t\t\t\t<div class=\"elementor-element elementor-element-985ed75 elementor-widget elementor-widget-advance-datatable\" data-id=\"985ed75\" data-element_type=\"widget\" data-settings=\"{&quot;ekit_we_effect_on&quot;:&quot;none&quot;}\" data-widget_type=\"advance-datatable.default\">\n\t\t\t\t<div class=\"elementor-widget-container\">\n\t\t\t\t\t<div class=\"graphina-element  graphina-advance-data-table element-card\"\n\tdata-element_id=\"985ed75\"\n\tdata-chart_type=\"advance-datatable\"\n\tdata-extra_data='{\"current_post_id\":2619,\"prefix\":\"iq_\",\"pagination_text_color\":\"\",\"pagination_button_height\":12,\"pagination_align\":\"right\",\"is_dynamic_table\":false,\"is_pagination\":false,\"pagination_type\":\"numbers\",\"page_range\":0,\"pagination_row\":0,\"pagination_info\":false,\"is_header\":true,\"header_in_body\":false,\"is_index\":true,\"index_header\":\"#\",\"index_type\":\"number\",\"columns\":2,\"rows\":11,\"search\":false}'\n\tdata-table_data='{&quot;header&quot;:[&quot;#&quot;,&quot;\\u010casto pou\\u017e\\u00edvan\\u00e9 v\\u00fdrazy a zkratky&quot;,&quot;Odpov\\u00eddaj\\u00edc\\u00ed LLT term\\u00edn v \\u010desk\\u00e9m p\\u0159ekladu MedDRA v26.0-27.0&quot;],&quot;body&quot;:[[1,&quot;Ang\\u00edna&quot;,&quot;Tonzilitida&quot;],[2,&quot;Onemocn\\u011bn\\u00ed meziobratlov\\u00fdch plot\\u00e9nek&quot;,&quot;Diskopatie&quot;],[3,&quot;Sm\\u00ed\\u0161en\\u00e1 \\u00fazkostn\\u00e1 a depresivn\\u00ed porucha&quot;,&quot;Sm\\u00ed\\u0161en\\u00e1 anxi\\u00f3zn\\u00ed a depresivn\\u00ed porucha\\\/ Anxiodepresivn\\u00ed syndrom&quot;],[4,&quot;St\\u0159evn\\u00ed ch\\u0159ipka&quot;,&quot;Gastroenteritida&quot;],[5,&quot;VAS&quot;,&quot;Vertebrogenn\\u00ed algick\\u00fd syndrom&quot;],[6,&quot;Z\\u00e1n\\u011bt dutin&quot;,&quot;Sinusitida&quot;],[7,&quot;Z\\u00e1n\\u011bt mo\\u010dov\\u00e9ho m\\u011bch\\u00fd\\u0159e&quot;,&quot;Cystitida&quot;],[8,&quot;Z\\u00e1n\\u011bt \\u0161lach&quot;,&quot;Tendinitida&quot;],[9,&quot;Z\\u00e1n\\u011bt zevn\\u00edho ucha&quot;,&quot;Otitis externa&quot;],[10,&quot;Zaveden\\u00ed TOT (transobturatorn\\u00ed p\\u00e1ska) pro stresovou inkontinenci&quot;,&quot;Z\\u00e1krok s pou\\u017eit\\u00edm transvagin\\u00e1ln\\u00ed p\\u00e1sky\\\/ slingov\\u00e1 TOT operace&quot;],[11,&quot;Zaveden\\u00ed TVT (tahuprost\\u00e1 vagin\\u00e1ln\\u00ed p\\u00e1ska) pro stresovou inkontinenci&quot;,&quot;Z\\u00e1krok s pou\\u017eit\\u00edm transvagin\\u00e1ln\\u00ed p\\u00e1sky\\\/ slingov\\u00e1 TVT operace&quot;]]}'\n\tdata-settings='[]'>\n\t\t<div>\n\t<\/div>\n\t<div class=\"graphina-table graphina-table-985ed75 table-responsive \">\n\t<\/div>\n<\/div>\t\t\t\t<\/div>\n\t\t\t\t<\/div>\n\t\t\t\t<\/div>\n\t\t<div class=\"elementor-element elementor-element-1242c33 e-con-full e-flex e-con e-child\" data-id=\"1242c33\" data-element_type=\"container\" data-settings=\"{&quot;sticky&quot;:&quot;top&quot;,&quot;sticky_offset&quot;:100,&quot;sticky_parent&quot;:&quot;yes&quot;,&quot;sticky_on&quot;:[&quot;desktop&quot;,&quot;tablet&quot;,&quot;mobile&quot;],&quot;sticky_effects_offset&quot;:0,&quot;sticky_anchor_link_offset&quot;:0}\">\n\t\t\t\t<div class=\"elementor-element elementor-element-19161b1 elementor-widget elementor-widget-wp-widget-tag_cloud\" data-id=\"19161b1\" data-element_type=\"widget\" data-settings=\"{&quot;ekit_we_effect_on&quot;:&quot;none&quot;}\" data-widget_type=\"wp-widget-tag_cloud.default\">\n\t\t\t\t<div class=\"elementor-widget-container\">\n\t\t\t\t\t<h5>Categories<\/h5><nav aria-label=\"Categories\"><div class=\"tagcloud\"><a href=\"https:\/\/www.multiplesclerosis.cz\/en\/category\/akce\/\" class=\"tag-cloud-link tag-link-2 tag-link-position-1\" style=\"font-size: 16.053097345133pt;\" aria-label=\"akce (8 items)\">akce<\/a>\n<a href=\"https:\/\/www.multiplesclerosis.cz\/en\/category\/intraakce\/\" class=\"tag-cloud-link tag-link-47 tag-link-position-2\" style=\"font-size: 8pt;\" aria-label=\"Intranet akce (1 item)\">Intranet akce<\/a>\n<a href=\"https:\/\/www.multiplesclerosis.cz\/en\/category\/publikace\/\" class=\"tag-cloud-link tag-link-4 tag-link-position-3\" style=\"font-size: 22pt;\" aria-label=\"publikace (26 items)\">publikace<\/a><\/div>\n<\/nav>\t\t\t\t<\/div>\n\t\t\t\t<\/div>\n\t\t\t\t<div class=\"elementor-element elementor-element-f959078 elementor-hidden-mobile elementor-widget elementor-widget-heading\" data-id=\"f959078\" data-element_type=\"widget\" data-settings=\"{&quot;ekit_we_effect_on&quot;:&quot;none&quot;}\" data-widget_type=\"heading.default\">\n\t\t\t\t<div class=\"elementor-widget-container\">\n\t\t\t\t\t<h3 class=\"elementor-heading-title elementor-size-default\">Archiv<\/h3>\t\t\t\t<\/div>\n\t\t\t\t<\/div>\n\t\t\t\t<div class=\"elementor-element elementor-element-f4eb199 elementor-grid-1 elementor-grid-tablet-1 elementor-posts--thumbnail-none elementor-hidden-mobile elementor-grid-mobile-1 elementor-widget elementor-widget-posts\" data-id=\"f4eb199\" data-element_type=\"widget\" data-settings=\"{&quot;classic_columns&quot;:&quot;1&quot;,&quot;classic_columns_tablet&quot;:&quot;1&quot;,&quot;classic_row_gap&quot;:{&quot;unit&quot;:&quot;px&quot;,&quot;size&quot;:0,&quot;sizes&quot;:[]},&quot;classic_columns_mobile&quot;:&quot;1&quot;,&quot;classic_row_gap_tablet&quot;:{&quot;unit&quot;:&quot;px&quot;,&quot;size&quot;:&quot;&quot;,&quot;sizes&quot;:[]},&quot;classic_row_gap_mobile&quot;:{&quot;unit&quot;:&quot;px&quot;,&quot;size&quot;:&quot;&quot;,&quot;sizes&quot;:[]},&quot;ekit_we_effect_on&quot;:&quot;none&quot;}\" data-widget_type=\"posts.classic\">\n\t\t\t\t<div class=\"elementor-widget-container\">\n\t\t\t\t\t\t\t<div class=\"elementor-posts-container elementor-posts elementor-posts--skin-classic elementor-grid\" role=\"list\">\n\t\t\t\t<article class=\"elementor-post elementor-grid-item post-7673 post type-post status-publish format-standard has-post-thumbnail hentry category-publikace tag-medical-professionals-only\" role=\"listitem\">\n\t\t\t\t<div class=\"elementor-post__text\">\n\t\t\t\t<h3 class=\"elementor-post__title\">\n\t\t\t<a href=\"https:\/\/www.multiplesclerosis.cz\/en\/2025\/12\/23\/od-slunecniho-zareni-k-boji-proti-roztrousene-skleroze-vliv-hladiny-vitaminu-d-na-aktivitu-roztrousene-sklerozy\/\" >\n\t\t\t\tOd slune\u010dn\u00edho z\u00e1\u0159en\u00ed k boji proti roztrou\u0161en\u00e9 skler\u00f3ze: vliv hladiny vitam\u00ednu D na aktivitu roztrou\u0161en\u00e9 skler\u00f3zy\t\t\t<\/a>\n\t\t<\/h3>\n\t\t\t\t<div class=\"elementor-post__meta-data\">\n\t\t\t\t\t<span class=\"elementor-post-date\">\n\t\t\t23. 12. 2025\t\t<\/span>\n\t\t\t\t<\/div>\n\t\t\t\t<\/div>\n\t\t\t\t<\/article>\n\t\t\t\t<article class=\"elementor-post elementor-grid-item post-6169 post type-post status-publish format-standard has-post-thumbnail hentry category-akce\" role=\"listitem\">\n\t\t\t\t<div class=\"elementor-post__text\">\n\t\t\t\t<h3 class=\"elementor-post__title\">\n\t\t\t<a href=\"https:\/\/www.multiplesclerosis.cz\/en\/2025\/09\/18\/ectrims-2025-s-remusem\/\" >\n\t\t\t\tECTRIMS 2025 s ReMuSem\t\t\t<\/a>\n\t\t<\/h3>\n\t\t\t\t<div class=\"elementor-post__meta-data\">\n\t\t\t\t\t<span class=\"elementor-post-date\">\n\t\t\t18. 9. 2025\t\t<\/span>\n\t\t\t\t<\/div>\n\t\t\t\t<\/div>\n\t\t\t\t<\/article>\n\t\t\t\t<article class=\"elementor-post elementor-grid-item post-4642 post type-post status-publish format-standard hentry category-publikace\" role=\"listitem\">\n\t\t\t\t<div class=\"elementor-post__text\">\n\t\t\t\t<h3 class=\"elementor-post__title\">\n\t\t\t<a href=\"https:\/\/www.multiplesclerosis.cz\/en\/2025\/04\/08\/remus-v-americe-poster-na-prestiznim-neurologickem-kongresu-american-academy-of-neurology\/\" >\n\t\t\t\tReMuS v Americe \u2013 poster na presti\u017en\u00edm neurologick\u00e9m kongresu American Academy of Neurology\t\t\t<\/a>\n\t\t<\/h3>\n\t\t\t\t<div class=\"elementor-post__meta-data\">\n\t\t\t\t\t<span class=\"elementor-post-date\">\n\t\t\t8. 4. 2025\t\t<\/span>\n\t\t\t\t<\/div>\n\t\t\t\t<\/div>\n\t\t\t\t<\/article>\n\t\t\t\t<article class=\"elementor-post elementor-grid-item post-7849 post type-post status-publish format-standard has-post-thumbnail hentry category-akce\" role=\"listitem\">\n\t\t\t\t<div class=\"elementor-post__text\">\n\t\t\t\t<h3 class=\"elementor-post__title\">\n\t\t\t<a href=\"https:\/\/www.multiplesclerosis.cz\/en\/2024\/11\/08\/probehl-6-workshop-registru-remus\/\" >\n\t\t\t\tProb\u011bhl 6. Workshop registru ReMuS\t\t\t<\/a>\n\t\t<\/h3>\n\t\t\t\t<div class=\"elementor-post__meta-data\">\n\t\t\t\t\t<span class=\"elementor-post-date\">\n\t\t\t8. 11. 2024\t\t<\/span>\n\t\t\t\t<\/div>\n\t\t\t\t<\/div>\n\t\t\t\t<\/article>\n\t\t\t\t<article class=\"elementor-post elementor-grid-item post-3758 post type-post status-publish format-standard has-post-thumbnail hentry category-publikace\" role=\"listitem\">\n\t\t\t\t<div class=\"elementor-post__text\">\n\t\t\t\t<h3 class=\"elementor-post__title\">\n\t\t\t<a href=\"https:\/\/www.multiplesclerosis.cz\/en\/2024\/09\/18\/seznamte-se-s-registrem-remus\/\" >\n\t\t\t\tSeznamte se s registrem ReMuS\t\t\t<\/a>\n\t\t<\/h3>\n\t\t\t\t<div class=\"elementor-post__meta-data\">\n\t\t\t\t\t<span class=\"elementor-post-date\">\n\t\t\t18. 9. 2024\t\t<\/span>\n\t\t\t\t<\/div>\n\t\t\t\t<\/div>\n\t\t\t\t<\/article>\n\t\t\t\t<article class=\"elementor-post elementor-grid-item post-2606 post type-post status-publish format-standard has-post-thumbnail hentry category-publikace tag-medical-professionals-only\" role=\"listitem\">\n\t\t\t\t<div class=\"elementor-post__text\">\n\t\t\t\t<h3 class=\"elementor-post__title\">\n\t\t\t<a href=\"https:\/\/www.multiplesclerosis.cz\/en\/2024\/06\/24\/ucinnost-kladribinu-jako-eskalacni-strategie-u-rs-v-realne-klinicke-praxi-poznatky-z-ceskeho-celostatniho-registru-remus\/\" >\n\t\t\t\t\u00da\u010dinnost kladribinu jako eskala\u010dn\u00ed strategie u RS v re\u00e1ln\u00e9 klinick\u00e9 praxi: Poznatky z \u010desk\u00e9ho celost\u00e1tn\u00edho registru ReMuS\t\t\t<\/a>\n\t\t<\/h3>\n\t\t\t\t<div class=\"elementor-post__meta-data\">\n\t\t\t\t\t<span class=\"elementor-post-date\">\n\t\t\t24. 6. 2024\t\t<\/span>\n\t\t\t\t<\/div>\n\t\t\t\t<\/div>\n\t\t\t\t<\/article>\n\t\t\t\t<article class=\"elementor-post elementor-grid-item post-3552 post type-post status-publish format-standard has-post-thumbnail hentry category-akce\" role=\"listitem\">\n\t\t\t\t<div class=\"elementor-post__text\">\n\t\t\t\t<h3 class=\"elementor-post__title\">\n\t\t\t<a href=\"https:\/\/www.multiplesclerosis.cz\/en\/2024\/06\/20\/1-neuro-oftalmologicke-forum\/\" >\n\t\t\t\t1. Neuro-oftalmologick\u00e9 f\u00f3rum \u00fasp\u011b\u0161n\u011b prob\u011bhlo a neslo se v duchu up\u0159\u00edmn\u00e9 spolupr\u00e1ce mezi specialisty nap\u0159\u00ed\u010d obory\t\t\t<\/a>\n\t\t<\/h3>\n\t\t\t\t<div class=\"elementor-post__meta-data\">\n\t\t\t\t\t<span class=\"elementor-post-date\">\n\t\t\t20. 6. 2024\t\t<\/span>\n\t\t\t\t<\/div>\n\t\t\t\t<\/div>\n\t\t\t\t<\/article>\n\t\t\t\t<article class=\"elementor-post elementor-grid-item post-2881 post type-post status-publish format-standard has-post-thumbnail hentry category-akce category-publikace\" role=\"listitem\">\n\t\t\t\t<div class=\"elementor-post__text\">\n\t\t\t\t<h3 class=\"elementor-post__title\">\n\t\t\t<a href=\"https:\/\/www.multiplesclerosis.cz\/en\/2024\/05\/29\/neurologove-vsichni-pacienti-musi-dostat-kvalitni-peci-tiskova-konference-registru-remus-2024\/\" >\n\t\t\t\tNeurologov\u00e9: v\u0161ichni pacienti mus\u00ed dostat kvalitn\u00ed p\u00e9\u010di | Tiskov\u00e1 konference registru ReMuS 2024\t\t\t<\/a>\n\t\t<\/h3>\n\t\t\t\t<div class=\"elementor-post__meta-data\">\n\t\t\t\t\t<span class=\"elementor-post-date\">\n\t\t\t29. 5. 2024\t\t<\/span>\n\t\t\t\t<\/div>\n\t\t\t\t<\/div>\n\t\t\t\t<\/article>\n\t\t\t\t<article class=\"elementor-post elementor-grid-item post-3693 post type-post status-publish format-standard has-post-thumbnail hentry category-publikace tag-medical-professionals-only\" role=\"listitem\">\n\t\t\t\t<div class=\"elementor-post__text\">\n\t\t\t\t<h3 class=\"elementor-post__title\">\n\t\t\t<a href=\"https:\/\/www.multiplesclerosis.cz\/en\/2024\/04\/01\/big-multiple-sclerosis-data-network-mezinarodni-vyzkumna-sit-registru\/\" >\n\t\t\t\tBig Multiple Sclerosis Data network: mezin\u00e1rodn\u00ed v\u00fdzkumn\u00e1 s\u00ed\u0165 registr\u016f\t\t\t<\/a>\n\t\t<\/h3>\n\t\t\t\t<div class=\"elementor-post__meta-data\">\n\t\t\t\t\t<span class=\"elementor-post-date\">\n\t\t\t1. 4. 2024\t\t<\/span>\n\t\t\t\t<\/div>\n\t\t\t\t<\/div>\n\t\t\t\t<\/article>\n\t\t\t\t<article class=\"elementor-post elementor-grid-item post-2613 post type-post status-publish format-standard has-post-thumbnail hentry category-akce\" role=\"listitem\">\n\t\t\t\t<div class=\"elementor-post__text\">\n\t\t\t\t<h3 class=\"elementor-post__title\">\n\t\t\t<a href=\"https:\/\/www.multiplesclerosis.cz\/en\/2023\/11\/03\/probehl-5-workshop-registru-remus\/\" >\n\t\t\t\tProb\u011bhl 5. Workshop registru ReMuS\t\t\t<\/a>\n\t\t<\/h3>\n\t\t\t\t<div class=\"elementor-post__meta-data\">\n\t\t\t\t\t<span class=\"elementor-post-date\">\n\t\t\t3. 11. 2023\t\t<\/span>\n\t\t\t\t<\/div>\n\t\t\t\t<\/div>\n\t\t\t\t<\/article>\n\t\t\t\t<article class=\"elementor-post elementor-grid-item post-1680 post type-post status-publish format-standard has-post-thumbnail hentry category-akce\" role=\"listitem\">\n\t\t\t\t<div class=\"elementor-post__text\">\n\t\t\t\t<h3 class=\"elementor-post__title\">\n\t\t\t<a href=\"https:\/\/www.multiplesclerosis.cz\/en\/2023\/10\/17\/jedinecny-koncert-k-10-letum-registru-remus\/\" >\n\t\t\t\tJedine\u010dn\u00fd koncert k 10 let\u016fm registru ReMuS\t\t\t<\/a>\n\t\t<\/h3>\n\t\t\t\t<div class=\"elementor-post__meta-data\">\n\t\t\t\t\t<span class=\"elementor-post-date\">\n\t\t\t17. 10. 2023\t\t<\/span>\n\t\t\t\t<\/div>\n\t\t\t\t<\/div>\n\t\t\t\t<\/article>\n\t\t\t\t<article class=\"elementor-post elementor-grid-item post-2572 post type-post status-publish format-standard has-post-thumbnail hentry category-publikace tag-medical-professionals-only\" role=\"listitem\">\n\t\t\t\t<div class=\"elementor-post__text\">\n\t\t\t\t<h3 class=\"elementor-post__title\">\n\t\t\t<a href=\"https:\/\/www.multiplesclerosis.cz\/en\/2023\/09\/26\/vliv-zdravotnickych-systemu-na-diagnozu-a-pouzivani-lecby-modifikujici-onemocneni-u-roztrousene-sklerozy-pohled-na-pet-evropskych-registru\/\" >\n\t\t\t\tVliv zdravotnick\u00fdch syst\u00e9m\u016f na diagn\u00f3zu a pou\u017e\u00edv\u00e1n\u00ed l\u00e9\u010dby modifikuj\u00edc\u00ed onemocn\u011bn\u00ed u roztrou\u0161en\u00e9 skler\u00f3zy: pohled na p\u011bt evropsk\u00fdch registr\u016f\t\t\t<\/a>\n\t\t<\/h3>\n\t\t\t\t<div class=\"elementor-post__meta-data\">\n\t\t\t\t\t<span class=\"elementor-post-date\">\n\t\t\t26. 9. 2023\t\t<\/span>\n\t\t\t\t<\/div>\n\t\t\t\t<\/div>\n\t\t\t\t<\/article>\n\t\t\t\t<article class=\"elementor-post elementor-grid-item post-2433 post type-post status-publish format-standard has-post-thumbnail hentry category-publikace tag-medical-professionals-only\" role=\"listitem\">\n\t\t\t\t<div class=\"elementor-post__text\">\n\t\t\t\t<h3 class=\"elementor-post__title\">\n\t\t\t<a href=\"https:\/\/www.multiplesclerosis.cz\/en\/2023\/06\/15\/je-kojeni-pri-rs-skodlive-nebo-ne-odpoved-na-zaklade-realnych-dat-z-ceska\/\" >\n\t\t\t\tJe kojen\u00ed p\u0159i RS \u0161kodliv\u00e9, nebo ne? Odpov\u011b\u010f na z\u00e1klad\u011b re\u00e1ln\u00fdch dat z \u010ceska\t\t\t<\/a>\n\t\t<\/h3>\n\t\t\t\t<div class=\"elementor-post__meta-data\">\n\t\t\t\t\t<span class=\"elementor-post-date\">\n\t\t\t15. 6. 2023\t\t<\/span>\n\t\t\t\t<\/div>\n\t\t\t\t<\/div>\n\t\t\t\t<\/article>\n\t\t\t\t<article class=\"elementor-post elementor-grid-item post-2677 post type-post status-publish format-standard has-post-thumbnail hentry category-publikace tag-medical-professionals-only\" role=\"listitem\">\n\t\t\t\t<div class=\"elementor-post__text\">\n\t\t\t\t<h3 class=\"elementor-post__title\">\n\t\t\t<a href=\"https:\/\/www.multiplesclerosis.cz\/en\/2023\/06\/12\/prekonava-pocatecni-vysoce-ucinna-lecba-u-roztrousene-sklerozy-strategii-postupne-eskalace-lecby-srovnani-pacientu-s-relabujici-remitentni-roztrousenou-sklerozou-v-ceskem-a-svedskem-narodnim-registru\/\" >\n\t\t\t\tP\u0159ekon\u00e1v\u00e1 po\u010d\u00e1te\u010dn\u00ed vysoce \u00fa\u010dinn\u00e1 l\u00e9\u010dba u roztrou\u0161en\u00e9 skler\u00f3zy strategii postupn\u00e9 eskalace l\u00e9\u010dby? Srovn\u00e1n\u00ed pacient\u016f s relabuj\u00edc\u00ed-remitentn\u00ed roztrou\u0161enou skler\u00f3zou v \u010desk\u00e9m a \u0161v\u00e9dsk\u00e9m n\u00e1rodn\u00edm registru roztrou\u0161en\u00e9 skler\u00f3zy.\t\t\t<\/a>\n\t\t<\/h3>\n\t\t\t\t<div class=\"elementor-post__meta-data\">\n\t\t\t\t\t<span class=\"elementor-post-date\">\n\t\t\t12. 6. 2023\t\t<\/span>\n\t\t\t\t<\/div>\n\t\t\t\t<\/div>\n\t\t\t\t<\/article>\n\t\t\t\t<article class=\"elementor-post elementor-grid-item post-2675 post type-post status-publish format-standard has-post-thumbnail hentry category-akce category-publikace\" role=\"listitem\">\n\t\t\t\t<div class=\"elementor-post__text\">\n\t\t\t\t<h3 class=\"elementor-post__title\">\n\t\t\t<a href=\"https:\/\/www.multiplesclerosis.cz\/en\/2023\/05\/25\/tiskova-konference-registru-remus-2023\/\" >\n\t\t\t\tL\u00e9\u010dba roztrou\u0161en\u00e9 skler\u00f3zy za\u017e\u00edv\u00e1 revoluci | Tiskov\u00e1 konference registru ReMuS 2023\t\t\t<\/a>\n\t\t<\/h3>\n\t\t\t\t<div class=\"elementor-post__meta-data\">\n\t\t\t\t\t<span class=\"elementor-post-date\">\n\t\t\t25. 5. 2023\t\t<\/span>\n\t\t\t\t<\/div>\n\t\t\t\t<\/div>\n\t\t\t\t<\/article>\n\t\t\t\t<article class=\"elementor-post elementor-grid-item post-2680 post type-post status-publish format-standard has-post-thumbnail hentry category-publikace tag-medical-professionals-only\" role=\"listitem\">\n\t\t\t\t<div class=\"elementor-post__text\">\n\t\t\t\t<h3 class=\"elementor-post__title\">\n\t\t\t<a href=\"https:\/\/www.multiplesclerosis.cz\/en\/2023\/03\/28\/cesky-narodni-registr-roztrousene-sklerozy-remus-trendy-dat-u-pacientu-s-roztrousenou-sklerozou-u-nichz-byla-v-letech-2013-2021-zahajena-prvni-chorobu-modifikujici-lecba\/\" >\n\t\t\t\t\u010cesk\u00fd n\u00e1rodn\u00ed registr roztrou\u0161en\u00e9 skler\u00f3zy ReMuS: Trendy dat u pacient\u016f s roztrou\u0161enou skler\u00f3zou, u nich\u017e byla v letech 2013-2021 zah\u00e1jena prvn\u00ed chorobu modifikuj\u00edc\u00ed l\u00e9\u010dba.\t\t\t<\/a>\n\t\t<\/h3>\n\t\t\t\t<div class=\"elementor-post__meta-data\">\n\t\t\t\t\t<span class=\"elementor-post-date\">\n\t\t\t28. 3. 2023\t\t<\/span>\n\t\t\t\t<\/div>\n\t\t\t\t<\/div>\n\t\t\t\t<\/article>\n\t\t\t\t<article class=\"elementor-post elementor-grid-item post-2686 post type-post status-publish format-standard has-post-thumbnail hentry category-publikace tag-medical-professionals-only\" role=\"listitem\">\n\t\t\t\t<div class=\"elementor-post__text\">\n\t\t\t\t<h3 class=\"elementor-post__title\">\n\t\t\t<a href=\"https:\/\/www.multiplesclerosis.cz\/en\/2023\/02\/16\/podil-a-charakteristiky-sekundarni-progresivni-roztrousene-sklerozy-v-peti-evropskych-registrech-s-vyuzitim-objektivnich-klasifikatoru\/\" >\n\t\t\t\tPod\u00edl a charakteristiky sekund\u00e1rn\u00ed progresivn\u00ed roztrou\u0161en\u00e9 skler\u00f3zy v p\u011bti evropsk\u00fdch registrech s vyu\u017eit\u00edm objektivn\u00edch klasifik\u00e1tor\u016f\t\t\t<\/a>\n\t\t<\/h3>\n\t\t\t\t<div class=\"elementor-post__meta-data\">\n\t\t\t\t\t<span class=\"elementor-post-date\">\n\t\t\t16. 2. 2023\t\t<\/span>\n\t\t\t\t<\/div>\n\t\t\t\t<\/div>\n\t\t\t\t<\/article>\n\t\t\t\t<article class=\"elementor-post elementor-grid-item post-2702 post type-post status-publish format-standard has-post-thumbnail hentry category-publikace tag-medical-professionals-only\" role=\"listitem\">\n\t\t\t\t<div class=\"elementor-post__text\">\n\t\t\t\t<h3 class=\"elementor-post__title\">\n\t\t\t<a href=\"https:\/\/www.multiplesclerosis.cz\/en\/2022\/07\/02\/byt-ci-nebyt-ockovan-riziko-relapsu-rs-nebo-nmosd-po-ockovani-a-infekci-covid-19\/\" >\n\t\t\t\tB\u00fdt \u010di neb\u00fdt o\u010dkov\u00e1n: Riziko relapsu RS nebo NMOSD po o\u010dkov\u00e1n\u00ed a infekci COVID-19\t\t\t<\/a>\n\t\t<\/h3>\n\t\t\t\t<div class=\"elementor-post__meta-data\">\n\t\t\t\t\t<span class=\"elementor-post-date\">\n\t\t\t2. 7. 2022\t\t<\/span>\n\t\t\t\t<\/div>\n\t\t\t\t<\/div>\n\t\t\t\t<\/article>\n\t\t\t\t<article class=\"elementor-post elementor-grid-item post-2705 post type-post status-publish format-standard has-post-thumbnail hentry category-publikace tag-medical-professionals-only\" role=\"listitem\">\n\t\t\t\t<div class=\"elementor-post__text\">\n\t\t\t\t<h3 class=\"elementor-post__title\">\n\t\t\t<a href=\"https:\/\/www.multiplesclerosis.cz\/en\/2022\/04\/18\/analyza-skupiny-detskych-pacientu-s-relabujici-roztrousenou-sklerozou-udaje-z-ceskeho-narodniho-registru\/\" >\n\t\t\t\tAnal\u00fdza skupiny d\u011btsk\u00fdch pacient\u016f s relabuj\u00edc\u00ed roztrou\u0161enou skler\u00f3zou: \u00dadaje z \u010desk\u00e9ho n\u00e1rodn\u00edho registru\t\t\t<\/a>\n\t\t<\/h3>\n\t\t\t\t<div class=\"elementor-post__meta-data\">\n\t\t\t\t\t<span class=\"elementor-post-date\">\n\t\t\t18. 4. 2022\t\t<\/span>\n\t\t\t\t<\/div>\n\t\t\t\t<\/div>\n\t\t\t\t<\/article>\n\t\t\t\t<article class=\"elementor-post elementor-grid-item post-2708 post type-post status-publish format-standard has-post-thumbnail hentry category-publikace tag-medical-professionals-only\" role=\"listitem\">\n\t\t\t\t<div class=\"elementor-post__text\">\n\t\t\t\t<h3 class=\"elementor-post__title\">\n\t\t\t<a href=\"https:\/\/www.multiplesclerosis.cz\/en\/2021\/11\/28\/je-tehotenstvi-u-pacientek-s-rs-bezpecne-a-jaky-ma-vliv-na-prubeh-rs-realne-poznatky-z-1-533-tehotenstvi-v-ceske-republice\/\" >\n\t\t\t\tJe t\u011bhotenstv\u00ed u pacientek s RS bezpe\u010dn\u00e9 a jak\u00fd m\u00e1 vliv na pr\u016fb\u011bh RS? Re\u00e1ln\u00e9 poznatky z 1 533 t\u011bhotenstv\u00ed v \u010cesk\u00e9 republice\t\t\t<\/a>\n\t\t<\/h3>\n\t\t\t\t<div class=\"elementor-post__meta-data\">\n\t\t\t\t\t<span class=\"elementor-post-date\">\n\t\t\t28. 11. 2021\t\t<\/span>\n\t\t\t\t<\/div>\n\t\t\t\t<\/div>\n\t\t\t\t<\/article>\n\t\t\t\t<\/div>\n\t\t\n\t\t\t\t\t\t<\/div>\n\t\t\t\t<\/div>\n\t\t\t\t<\/div>\n\t\t\t\t\t<\/div>\n\t\t\t\t<\/div>\n\t\t\t\t<\/div>\n\t\t\t\t\t<\/div>\n\t\t\t\t<\/div>\n\t\t\t\t<\/div>\n\t\t","protected":false},"excerpt":{"rendered":"<p>Common practice versus MedDRA - glossary of terms Some commonly used terms in the Czech medical environment are not easily found in the MedDRA system, so we have prepared a table for ReMuS registry administrators<\/p>","protected":false},"author":2,"featured_media":0,"parent":0,"menu_order":0,"comment_status":"closed","ping_status":"closed","template":"","meta":{"inline_featured_image":false,"footnotes":""},"class_list":["post-2619","page","type-page","status-publish","hentry"],"_links":{"self":[{"href":"https:\/\/www.multiplesclerosis.cz\/en\/wp-json\/wp\/v2\/pages\/2619","targetHints":{"allow":["GET"]}}],"collection":[{"href":"https:\/\/www.multiplesclerosis.cz\/en\/wp-json\/wp\/v2\/pages"}],"about":[{"href":"https:\/\/www.multiplesclerosis.cz\/en\/wp-json\/wp\/v2\/types\/page"}],"author":[{"embeddable":true,"href":"https:\/\/www.multiplesclerosis.cz\/en\/wp-json\/wp\/v2\/users\/2"}],"replies":[{"embeddable":true,"href":"https:\/\/www.multiplesclerosis.cz\/en\/wp-json\/wp\/v2\/comments?post=2619"}],"version-history":[{"count":1,"href":"https:\/\/www.multiplesclerosis.cz\/en\/wp-json\/wp\/v2\/pages\/2619\/revisions"}],"predecessor-version":[{"id":5149,"href":"https:\/\/www.multiplesclerosis.cz\/en\/wp-json\/wp\/v2\/pages\/2619\/revisions\/5149"}],"wp:attachment":[{"href":"https:\/\/www.multiplesclerosis.cz\/en\/wp-json\/wp\/v2\/media?parent=2619"}],"curies":[{"name":"wp","href":"https:\/\/api.w.org\/{rel}","templated":true}]}}