{"id":7020,"date":"2025-11-25T11:13:39","date_gmt":"2025-11-25T10:13:39","guid":{"rendered":"https:\/\/www.multiplesclerosis.cz\/?page_id=7020"},"modified":"2025-12-03T12:16:32","modified_gmt":"2025-12-03T11:16:32","slug":"login","status":"publish","type":"page","link":"https:\/\/www.multiplesclerosis.cz\/en\/login\/","title":{"rendered":"Login"},"content":{"rendered":"<div class=\"wp-block-group entra-login-wrapper is-layout-constrained wp-block-group-is-layout-constrained\">\n<h3 class=\"wp-block-heading has-text-align-center\">Login with Entra ID<\/h3>\n\n\n\n<p class=\"has-text-align-center\">\n    Log in with your work\/school Microsoft account.<br>\n    Once you have successfully logged in, you will be able to access internal pages and materials.\n  <\/p>\n\n\n<script>\nwindow.wpo365 = window.wpo365 || {};\n<\/script>\n\n<div>\n\t<style>\n\t\t.wpo365-mssignin-wrapper {\n\t\t\tbox-sizing: border-box;\n\t\t\tdisplay: -webkit-box;\n\t\t\tdisplay: -moz-box;\n\t\t\tdisplay: -ms-flexbox;\n\t\t\tdisplay: -webkit-flex;\n\t\t\tdisplay: flex;\n\t\t\t-webkit-box-orient: vertical;\n\t\t\t-moz-box-orient: vertical;\n\t\t\t-webkit-box-direction: normal;\n\t\t\t-moz-box-direction: normal;\n\t\t\t-webkit-flex-direction: column;\n\t\t\t-ms-flex-direction: column;\n\t\t\tflex-direction: column;\n\t\t\twidth: 100%;\n\t\t\tpadding: 12px 12px 24px 12px;\n\t\t\ttext-align: center;\n\t\t\ttransition: transform 0.2s;\n\t\t\talign-items: center;\n\t\t}\n\n\t\t.wpo365-mssignin-wrapper:hover {\n\t\t\ttransform: scale(1.05);\t\t}\n\n\t\t.wpo365-mssignin-spacearound {\n\t\t\tdisplay: block;\n\t\t\twidth: 100%;\n\t\t\tmax-width: 400px;\n\t\t\tmargin-bottom: 10px;\n\t\t}\n\n\t\t.wpo365-mssignin-select {\n\t\t\twidth: 100%;\n\t\t\theight: 41px;\n\t\t}\n\n\t\t.wpo365-mssignin-wrapper form {\n\t\t\tdisplay: none;\n\t\t}\n\n\t\t.wpo365-mssignin-button {\n\t\t\tbackground: #FFFFFF;\n\t\t\tborder: 1px solid #8C8C8C;\n\t\t\tdisplay: flex;\n\t\t\tdisplay: -webkit-box;\n\t\t\tdisplay: -moz-box;\n\t\t\tdisplay: -webkit-flex;\n\t\t\tdisplay: -ms-flexbox;\n\t\t\t-webkit-box-align: center;\n\t\t\t-moz-box-align: center;\n\t\t\t-ms-flex-align: center;\n\t\t\t-webkit-align-items: center;\n\t\t\talign-items: center;\n\t\t\t-webkit-box-pack: center;\n\t\t\t-moz-box-pack: center;\n\t\t\t-ms-flex-pack: center;\n\t\t\t-webkit-justify-content: center;\n\t\t\tjustify-content: center;\n\t\t\tcursor: pointer;\n\t\t\tmax-height: 41px;\n\t\t\tmin-height: 41px;\n\t\t\theight: 41px;\n\t\t\twidth: 100%;\n\t\t}\n\n\t\t.wpo365-mssignin-logo {\n\t\t\tpadding-left: 12px;\n\t\t\tpadding-right: 6px;\n\t\t\t-webkit-flex-shrink: 1;\n\t\t\t-moz-flex-shrink: 1;\n\t\t\tflex-shrink: 1;\n\t\t\twidth: 21px;\n\t\t\theight: 21px;\n\t\t\tbox-sizing: content-box;\n\t\t\tdisplay: flex;\n\t\t\tdisplay: -webkit-box;\n\t\t\tdisplay: -moz-box;\n\t\t\tdisplay: -webkit-flex;\n\t\t\tdisplay: -ms-flexbox;\n\t\t\t-webkit-box-pack: center;\n\t\t\t-moz-box-pack: center;\n\t\t\t-ms-flex-pack: center;\n\t\t\t-webkit-justify-content: center;\n\t\t\tjustify-content: center;\n\t\t}\n\n\t\t.wpo365-mssignin-label {\n\t\t\twhite-space: nowrap;\n\t\t\tpadding-left: 6px;\n\t\t\tpadding-right: 12px;\n\t\t\tfont-weight: 600;\n\t\t\tcolor: #5E5E5E;\n\t\t\tfont-family: \"Segoe UI\", Frutiger, \"Frutiger Linotype\", \"Dejavu Sans\", \"Helvetica Neue\", Arial, sans-serif;\n\t\t\tfont-size: 15px;\n\t\t\t-webkit-flex-shrink: 1;\n\t\t\t-moz-flex-shrink: 1;\n\t\t\tflex-shrink: 1;\n\t\t\theight: 21px;\n\t\t\tline-height: 21px;\n\t\t\toverflow: hidden;\n\t\t}\n\t<\/style>\n\t<div id=\"wpo365OpenIdRedirect\" class=\"wpo365-mssignin-wrapper\">\n\t\t\t\t\t\t\t\t<div class=\"wpo365-mssignin-spacearound\">\n\t\t\t\t<button class=\"wpo365-mssignin-button\" type=\"button\" onclick=\"window.wpo365.pintraRedirect.toMsOnline('', location.href, '', '', false, document.getElementById('selectedTenant') ? document.getElementById('selectedTenant').value : null)\">\n\t\t\t\t\t\t\t\t\t\t\t<div class=\"wpo365-mssignin-logo\">\n\t\t\t\t\t\t\t<svg xmlns=\"http:\/\/www.w3.org\/2000\/svg\" width=\"21\" height=\"21\">\n\t\t\t\t\t\t\t\t<title>MS-SymbolLockup<\/title>\n\t\t\t\t\t\t\t\t<rect x=\"1\" y=\"1\" width=\"9\" height=\"9\" fill=\"#f25022\" \/>\n\t\t\t\t\t\t\t\t<rect x=\"1\" y=\"11\" width=\"9\" height=\"9\" fill=\"#00a4ef\" \/>\n\t\t\t\t\t\t\t\t<rect x=\"11\" y=\"1\" width=\"9\" height=\"9\" fill=\"#7fba00\" \/>\n\t\t\t\t\t\t\t\t<rect x=\"11\" y=\"11\" width=\"9\" height=\"9\" fill=\"#ffb900\" \/>\n\t\t\t\t\t\t\t<\/svg>\n\t\t\t\t\t\t<\/div>\n\t\t\t\t\t\t\t\t\t\t<div class=\"wpo365-mssignin-label\">Sign in with Microsoft<\/div>\n\t\t\t\t<\/button>\n\t\t\t<\/div>\n\t\t\t<\/div>\n<\/div>\n\n\n\n<p class=\"has-text-align-center contact-info\">Having trouble logging in? Email us at <a href=\"mailto:neuoft@multiplesclerosis.cz\">remus@multiplesclerosis.cz<\/a>.<\/p>\n<\/div>\n\n\n\n<p><\/p>","protected":false},"excerpt":{"rendered":"<p>P\u0159ihl\u00e1\u0161en\u00ed pomoc\u00ed Entra ID P\u0159ihlaste se pomoc\u00ed sv\u00e9ho pracovn\u00edho \/ \u0161koln\u00edho Microsoft \u00fa\u010dtu. Po \u00fasp\u011b\u0161n\u00e9m p\u0159ihl\u00e1\u0161en\u00ed se v\u00e1m zp\u0159\u00edstupn\u00ed intern\u00ed str\u00e1nky a materi\u00e1ly. M\u00e1te pot\u00ed\u017ee s p\u0159ihl\u00e1\u0161en\u00edm? Napi\u0161te n\u00e1m na [&hellip;]<\/p>\n","protected":false},"author":4,"featured_media":0,"parent":0,"menu_order":0,"comment_status":"closed","ping_status":"closed","template":"","meta":{"inline_featured_image":false,"footnotes":""},"class_list":["post-7020","page","type-page","status-publish","hentry"],"_links":{"self":[{"href":"https:\/\/www.multiplesclerosis.cz\/en\/wp-json\/wp\/v2\/pages\/7020","targetHints":{"allow":["GET"]}}],"collection":[{"href":"https:\/\/www.multiplesclerosis.cz\/en\/wp-json\/wp\/v2\/pages"}],"about":[{"href":"https:\/\/www.multiplesclerosis.cz\/en\/wp-json\/wp\/v2\/types\/page"}],"author":[{"embeddable":true,"href":"https:\/\/www.multiplesclerosis.cz\/en\/wp-json\/wp\/v2\/users\/4"}],"replies":[{"embeddable":true,"href":"https:\/\/www.multiplesclerosis.cz\/en\/wp-json\/wp\/v2\/comments?post=7020"}],"version-history":[{"count":11,"href":"https:\/\/www.multiplesclerosis.cz\/en\/wp-json\/wp\/v2\/pages\/7020\/revisions"}],"predecessor-version":[{"id":8018,"href":"https:\/\/www.multiplesclerosis.cz\/en\/wp-json\/wp\/v2\/pages\/7020\/revisions\/8018"}],"wp:attachment":[{"href":"https:\/\/www.multiplesclerosis.cz\/en\/wp-json\/wp\/v2\/media?parent=7020"}],"curies":[{"name":"wp","href":"https:\/\/api.w.org\/{rel}","templated":true}]}}